{"id":1182,"date":"2017-07-12T09:37:01","date_gmt":"2017-07-12T07:37:01","guid":{"rendered":"https:\/\/inkovema.de\/?page_id=1182"},"modified":"2017-07-12T09:52:32","modified_gmt":"2017-07-12T07:52:32","slug":"mediation-in-change-processes","status":"publish","type":"page","link":"https:\/\/inkovema.de\/en\/mediation\/examples-from-mediation\/mediation-in-change-processes\/","title":{"rendered":"Mediation in change processes"},"content":{"rendered":"<p>Two camps in the company; digital or paper file, ...The path led via the interests and intentions to the agreement of a transition period. Fixed criteria against which the decision would later be measured.<br \/>\nClinical centre...change management...communication forum built in for regular care. Mutual appreciation, strengthening of leadership<br \/>\nYoung founders and the development of structures and finding business fields, transferring functioning products into a volatile business field&#8230;<br \/>\nOrganisational development measures in the face of conflicts:<br \/>\nDiversity and racism in the company, diversity.<br \/>\nOverload syndromes, mediation and clarification support for a start-up that is no longer young and is entering the next development phase. Changing employee wishes, expectations and growth pressure are affecting the mood. The dynamics are opaque and staff training has been neglected. (Strategic PE)<\/p>","protected":false},"excerpt":{"rendered":"<p>Two camps in the company; digital or paper file, ...way led via the interests and intentions to the agreement of a transition period. Fixed criteria for later [...]<\/p>","protected":false},"author":1,"featured_media":0,"parent":1180,"menu_order":0,"comment_status":"closed","ping_status":"closed","template":"","meta":{"footnotes":""},"class_list":["post-1182","page","type-page","status-publish","hentry"],"yoast_head":"<!-- This site is optimized with the Yoast SEO Premium plugin v26.2 (Yoast SEO v26.5) - https:\/\/yoast.com\/wordpress\/plugins\/seo\/ -->\n<title>Mediation in Ver\u00e4nderungsprozessen - INKOVEMA - Mediation und Mediationsausbildung Leipzig<\/title>\n<meta name=\"robots\" content=\"index, follow, max-snippet:-1, max-image-preview:large, max-video-preview:-1\" \/>\n<link rel=\"canonical\" href=\"https:\/\/inkovema.de\/en\/mediation\/examples-from-mediation\/mediation-in-change-processes\/\" \/>\n<meta property=\"og:locale\" content=\"en_GB\" \/>\n<meta property=\"og:type\" content=\"article\" \/>\n<meta property=\"og:title\" content=\"Mediation in Ver\u00e4nderungsprozessen\" \/>\n<meta property=\"og:description\" content=\"Zwei Lager im Unternehmen; digitale oder Papierakte, \u2026Weg f\u00fchrte \u00fcber die Interessen und Absichten zur Vereinbarung einer \u00dcbergangszeit. Feste Kriterien, woran sp\u00e4terhin [...]\" \/>\n<meta property=\"og:url\" content=\"https:\/\/inkovema.de\/en\/mediation\/examples-from-mediation\/mediation-in-change-processes\/\" \/>\n<meta property=\"og:site_name\" content=\"INKOVEMA - Mediation und Mediationsausbildung Leipzig\" \/>\n<meta property=\"article:modified_time\" content=\"2017-07-12T07:52:32+00:00\" \/>\n<meta name=\"twitter:card\" content=\"summary_large_image\" \/>\n<meta name=\"twitter:label1\" content=\"Estimated reading time\" \/>\n\t<meta name=\"twitter:data1\" content=\"1 minute\" \/>\n<script type=\"application\/ld+json\" class=\"yoast-schema-graph\">{\"@context\":\"https:\/\/schema.org\",\"@graph\":[{\"@type\":\"WebPage\",\"@id\":\"https:\/\/inkovema.de\/mediation\/beispiele-aus-der-mediation\/mediation-in-veraenderungsprozessen\/\",\"url\":\"https:\/\/inkovema.de\/mediation\/beispiele-aus-der-mediation\/mediation-in-veraenderungsprozessen\/\",\"name\":\"Mediation in Ver\u00e4nderungsprozessen - INKOVEMA - Mediation und Mediationsausbildung Leipzig\",\"isPartOf\":{\"@id\":\"https:\/\/inkovema.de\/#website\"},\"datePublished\":\"2017-07-12T07:37:01+00:00\",\"dateModified\":\"2017-07-12T07:52:32+00:00\",\"breadcrumb\":{\"@id\":\"https:\/\/inkovema.de\/mediation\/beispiele-aus-der-mediation\/mediation-in-veraenderungsprozessen\/#breadcrumb\"},\"inLanguage\":\"en-GB\",\"potentialAction\":[{\"@type\":\"ReadAction\",\"target\":[\"https:\/\/inkovema.de\/mediation\/beispiele-aus-der-mediation\/mediation-in-veraenderungsprozessen\/\"]}]},{\"@type\":\"BreadcrumbList\",\"@id\":\"https:\/\/inkovema.de\/mediation\/beispiele-aus-der-mediation\/mediation-in-veraenderungsprozessen\/#breadcrumb\",\"itemListElement\":[{\"@type\":\"ListItem\",\"position\":1,\"name\":\"Startseite\",\"item\":\"https:\/\/inkovema.de\/\"},{\"@type\":\"ListItem\",\"position\":2,\"name\":\"Mediation\",\"item\":\"https:\/\/inkovema.de\/mediation\/\"},{\"@type\":\"ListItem\",\"position\":3,\"name\":\"Beispiele aus der Mediation\",\"item\":\"https:\/\/inkovema.de\/mediation\/beispiele-aus-der-mediation\/\"},{\"@type\":\"ListItem\",\"position\":4,\"name\":\"Mediation in Ver\u00e4nderungsprozessen\"}]},{\"@type\":\"WebSite\",\"@id\":\"https:\/\/inkovema.de\/#website\",\"url\":\"https:\/\/inkovema.de\/\",\"name\":\"INKOVEMA - Mediation und Mediationsausbildung Leipzig\",\"description\":\"Mediation und Mediationsausbildung Leipzig\",\"potentialAction\":[{\"@type\":\"SearchAction\",\"target\":{\"@type\":\"EntryPoint\",\"urlTemplate\":\"https:\/\/inkovema.de\/?s={search_term_string}\"},\"query-input\":{\"@type\":\"PropertyValueSpecification\",\"valueRequired\":true,\"valueName\":\"search_term_string\"}}],\"inLanguage\":\"en-GB\"}]}<\/script>\n<!-- \/ Yoast SEO Premium plugin. -->","yoast_head_json":{"title":"Mediation in change processes - INKOVEMA - Mediation and mediation training Leipzig","robots":{"index":"index","follow":"follow","max-snippet":"max-snippet:-1","max-image-preview":"max-image-preview:large","max-video-preview":"max-video-preview:-1"},"canonical":"https:\/\/inkovema.de\/en\/mediation\/examples-from-mediation\/mediation-in-change-processes\/","og_locale":"en_GB","og_type":"article","og_title":"Mediation in Ver\u00e4nderungsprozessen","og_description":"Zwei Lager im Unternehmen; digitale oder Papierakte, \u2026Weg f\u00fchrte \u00fcber die Interessen und Absichten zur Vereinbarung einer \u00dcbergangszeit. Feste Kriterien, woran sp\u00e4terhin [...]","og_url":"https:\/\/inkovema.de\/en\/mediation\/examples-from-mediation\/mediation-in-change-processes\/","og_site_name":"INKOVEMA - Mediation und Mediationsausbildung Leipzig","article_modified_time":"2017-07-12T07:52:32+00:00","twitter_card":"summary_large_image","twitter_misc":{"Estimated reading time":"1 minute"},"schema":{"@context":"https:\/\/schema.org","@graph":[{"@type":"WebPage","@id":"https:\/\/inkovema.de\/mediation\/beispiele-aus-der-mediation\/mediation-in-veraenderungsprozessen\/","url":"https:\/\/inkovema.de\/mediation\/beispiele-aus-der-mediation\/mediation-in-veraenderungsprozessen\/","name":"Mediation in change processes - INKOVEMA - Mediation and mediation training Leipzig","isPartOf":{"@id":"https:\/\/inkovema.de\/#website"},"datePublished":"2017-07-12T07:37:01+00:00","dateModified":"2017-07-12T07:52:32+00:00","breadcrumb":{"@id":"https:\/\/inkovema.de\/mediation\/beispiele-aus-der-mediation\/mediation-in-veraenderungsprozessen\/#breadcrumb"},"inLanguage":"en-GB","potentialAction":[{"@type":"ReadAction","target":["https:\/\/inkovema.de\/mediation\/beispiele-aus-der-mediation\/mediation-in-veraenderungsprozessen\/"]}]},{"@type":"BreadcrumbList","@id":"https:\/\/inkovema.de\/mediation\/beispiele-aus-der-mediation\/mediation-in-veraenderungsprozessen\/#breadcrumb","itemListElement":[{"@type":"ListItem","position":1,"name":"Startseite","item":"https:\/\/inkovema.de\/"},{"@type":"ListItem","position":2,"name":"Mediation","item":"https:\/\/inkovema.de\/mediation\/"},{"@type":"ListItem","position":3,"name":"Beispiele aus der Mediation","item":"https:\/\/inkovema.de\/mediation\/beispiele-aus-der-mediation\/"},{"@type":"ListItem","position":4,"name":"Mediation in Ver\u00e4nderungsprozessen"}]},{"@type":"WebSite","@id":"https:\/\/inkovema.de\/#website","url":"https:\/\/inkovema.de\/","name":"INKOVEMA - Mediation and mediation training Leipzig","description":"Mediation and mediation training Leipzig","potentialAction":[{"@type":"SearchAction","target":{"@type":"EntryPoint","urlTemplate":"https:\/\/inkovema.de\/?s={search_term_string}"},"query-input":{"@type":"PropertyValueSpecification","valueRequired":true,"valueName":"search_term_string"}}],"inLanguage":"en-GB"}]}},"_links":{"self":[{"href":"https:\/\/inkovema.de\/en\/wp-json\/wp\/v2\/pages\/1182","targetHints":{"allow":["GET"]}}],"collection":[{"href":"https:\/\/inkovema.de\/en\/wp-json\/wp\/v2\/pages"}],"about":[{"href":"https:\/\/inkovema.de\/en\/wp-json\/wp\/v2\/types\/page"}],"author":[{"embeddable":true,"href":"https:\/\/inkovema.de\/en\/wp-json\/wp\/v2\/users\/1"}],"replies":[{"embeddable":true,"href":"https:\/\/inkovema.de\/en\/wp-json\/wp\/v2\/comments?post=1182"}],"version-history":[{"count":0,"href":"https:\/\/inkovema.de\/en\/wp-json\/wp\/v2\/pages\/1182\/revisions"}],"up":[{"embeddable":true,"href":"https:\/\/inkovema.de\/en\/wp-json\/wp\/v2\/pages\/1180"}],"wp:attachment":[{"href":"https:\/\/inkovema.de\/en\/wp-json\/wp\/v2\/media?parent=1182"}],"curies":[{"name":"wp","href":"https:\/\/api.w.org\/{rel}","templated":true}]}}